{"id":788,"date":"2017-07-24T10:23:56","date_gmt":"2017-07-24T10:23:56","guid":{"rendered":"http:\/\/papierplie.fr\/?page_id=788"},"modified":"2023-09-19T15:53:22","modified_gmt":"2023-09-19T15:53:22","slug":"a-propos","status":"publish","type":"page","link":"https:\/\/papierplie.fr\/?page_id=788","title":{"rendered":"\u00c0 propos"},"content":{"rendered":"\n<div class=\"wp-block-columns is-layout-flex wp-container-core-columns-is-layout-9d6595d7 wp-block-columns-is-layout-flex\">\n<div class=\"wp-block-column is-layout-flow wp-block-column-is-layout-flow\" style=\"flex-basis:33.33%\">\n<figure class=\"wp-block-image size-large\"><img loading=\"lazy\" decoding=\"async\" width=\"683\" height=\"683\" src=\"https:\/\/papierplie.fr\/wp-content\/uploads\/2017\/07\/14222284_10210624724153694_2848729285756435674_n.jpg\" alt=\"\" class=\"wp-image-1084\" srcset=\"https:\/\/papierplie.fr\/wp-content\/uploads\/2017\/07\/14222284_10210624724153694_2848729285756435674_n.jpg 683w, https:\/\/papierplie.fr\/wp-content\/uploads\/2017\/07\/14222284_10210624724153694_2848729285756435674_n-100x100.jpg 100w, https:\/\/papierplie.fr\/wp-content\/uploads\/2017\/07\/14222284_10210624724153694_2848729285756435674_n-510x510.jpg 510w, https:\/\/papierplie.fr\/wp-content\/uploads\/2017\/07\/14222284_10210624724153694_2848729285756435674_n-150x150.jpg 150w, https:\/\/papierplie.fr\/wp-content\/uploads\/2017\/07\/14222284_10210624724153694_2848729285756435674_n-300x300.jpg 300w, https:\/\/papierplie.fr\/wp-content\/uploads\/2017\/07\/14222284_10210624724153694_2848729285756435674_n-480x480.jpg 480w, https:\/\/papierplie.fr\/wp-content\/uploads\/2017\/07\/14222284_10210624724153694_2848729285756435674_n-140x140.jpg 140w\" sizes=\"auto, (max-width: 683px) 100vw, 683px\" \/><\/figure>\n<\/div>\n\n\n\n<div class=\"wp-block-column is-layout-flow wp-block-column-is-layout-flow\" style=\"flex-basis:66.66%\">\n<h2 class=\"wp-block-heading has-text-color\" style=\"color:#cea77c\">Qui suis-je ?<\/h2>\n\n\n\n<p>Je m&#8217;appelle Pierre Thibault, je suis designer papier.<br>Apr\u00e8s avoir \u00e9t\u00e9 dipl\u00f4m\u00e9 avec les f\u00e9licitations du jury de la formation Graphisme Publicitaire &amp; Packaging de l&#8217;\u00e9cole <em>Pivaut<\/em>, je me suis concentr\u00e9 sur le travail du papier car je ressentais le besoin de re-mat\u00e9rialiser la cr\u00e9ation graphique. Je consid\u00e8re le num\u00e9rique comme un outil et non comme un support de cr\u00e9ation, privil\u00e9giant une approche plus artisanale, sensible et en volume.<\/p>\n\n\n\n<p>Je r\u00e9alise des packagings, illustrations, pop-ups, sc\u00e9nographies de vitrines ou set-design de shooting photo, animations en stop-motion&#8230; Je garde \u00e9galement un pied dans le graphisme, car j&#8217;adore \u00e7a !<br><br>J&#8217;aime relever des d\u00e9fis et r\u00e9pondre \u00e0 des demandes particuli\u00e8res en trouvant des solutions \u00e0 un cahier des charges complexe !<\/p>\n\n\n\n<p>Bas\u00e9 \u00e0 Nantes, au sein du collectif San\u00a7h\u00e9rif, je travaille aupr\u00e8s de d&#8217;agences de communication, \u00e9coles de design, \u00e9diteurs et PME&#8230;<\/p>\n\n\n\n<p><\/p>\n\n\n\n<h2 class=\"wp-block-heading has-text-color\" style=\"color:#cea77c\">Auto-\u00e9dition<\/h2>\n\n\n\n<p>De temps en temps, je con\u00e7ois, produis et commercialise des objets ou des kits de maquettes en papier \u00e0 monter soi-m\u00eame en s\u00e9rie limit\u00e9. Par exemple, je suis fier de mon kit &#8220;Titan&#8221; qui a \u00e9t\u00e9 produit \u00e0 1500 exemplaires en deux ans.<br>J&#8217;aime \u00e9galement exp\u00e9rimenter de nouveaux supports comme le design de luminaire, la papeterie, la vid\u00e9o et le son, en cr\u00e9ant des habillages sonores d&#8217;exposition ou en live lors de lecture de texte.<\/p>\n\n\n\n<h2 class=\"wp-block-heading has-text-color\" style=\"color:#cea77c\">Art<\/h2>\n\n\n\n<p>Enfin, j&#8217;exerce une activit\u00e9 plus artistique o\u00f9 je d\u00e9veloppe un univers personnel et utopique : <em>Les Imaginarium<\/em>s. C&#8217;est une s\u00e9rie d&#8217;\u0153uvres d&#8217;architectures, de machines et d&#8217;inventions parfois anim\u00e9es par des moteurs \u00e9lectriques ou par des v\u00e9rins hydrauliques ! Chaque nouvelle exposition est l&#8217;occasion d&#8217;agrandir cet univers qui m&#8217;est cher.<\/p>\n\n\n\n<h2 class=\"wp-block-heading has-text-color\" style=\"color:#cea77c\">R\u00e9f\u00e9rences<\/h2>\n\n\n\n<p><strong>Clients :<\/strong> Shiseido, Bouclard \u00c9ditions,\u00a0Trempolino, Le Voyage \u00e0 Nantes, Galeries Lafayette, Banque Transatlantique, R\u00e9alit\u00e9s, MGEN, Renault, Bridor&#8230;<br><br><strong>Agences\/studios :<\/strong> Nouvelle Vague, Antigel, studio Rouchon, l&#8217;Unique \u00c9quipe, studio Mixture&#8230;<br><br><strong>Cours\/workshop :<\/strong> l&#8217;\u00c9cole De Design Nantes Atlantique, l&#8217;EEGP Angers, E-ArtSup Nantes, ECV Nantes, MJM, LISAA&#8230;<br><\/p>\n\n\n\n<h2 class=\"wp-block-heading has-text-color\" style=\"color:#cea77c\">Me contacter<\/h2>\n\n\n\n<p>Pierre Thibault<br>Collectif Sans-Sh\u00e9rif<br>18 Rue Geoffroy Drouet<br>44000 Nantes<\/p>\n\n\n\n<div class=\"wpcf7 no-js\" id=\"wpcf7-f326-o1\" lang=\"fr-FR\" dir=\"ltr\" data-wpcf7-id=\"326\">\n<div class=\"screen-reader-response\"><p role=\"status\" aria-live=\"polite\" aria-atomic=\"true\"><\/p> <ul><\/ul><\/div>\n<form action=\"\/index.php?rest_route=%2Fwp%2Fv2%2Fpages%2F788#wpcf7-f326-o1\" method=\"post\" class=\"wpcf7-form init\" aria-label=\"Formulaire de contact\" novalidate=\"novalidate\" data-status=\"init\">\n<fieldset class=\"hidden-fields-container\"><input type=\"hidden\" name=\"_wpcf7\" value=\"326\" \/><input type=\"hidden\" name=\"_wpcf7_version\" value=\"6.1.5\" \/><input type=\"hidden\" name=\"_wpcf7_locale\" value=\"fr_FR\" \/><input type=\"hidden\" name=\"_wpcf7_unit_tag\" value=\"wpcf7-f326-o1\" \/><input type=\"hidden\" name=\"_wpcf7_container_post\" value=\"0\" \/><input type=\"hidden\" name=\"_wpcf7_posted_data_hash\" value=\"\" \/>\n<\/fieldset>\n<p>Votre nom\n<\/p>\n<p><span class=\"wpcf7-form-control-wrap\" data-name=\"your-name\"><input size=\"40\" maxlength=\"400\" class=\"wpcf7-form-control wpcf7-text wpcf7-validates-as-required\" aria-required=\"true\" aria-invalid=\"false\" value=\"\" type=\"text\" name=\"your-name\" \/><\/span>\n<\/p>\n<p>Votre email\n<\/p>\n<p><span class=\"wpcf7-form-control-wrap\" data-name=\"your-email\"><input size=\"40\" maxlength=\"400\" class=\"wpcf7-form-control wpcf7-email wpcf7-validates-as-required wpcf7-text wpcf7-validates-as-email\" aria-required=\"true\" aria-invalid=\"false\" value=\"\" type=\"email\" name=\"your-email\" \/><\/span>\n<\/p>\n<p>Sujet\n<\/p>\n<p><span class=\"wpcf7-form-control-wrap\" data-name=\"your-subject\"><input size=\"40\" maxlength=\"400\" class=\"wpcf7-form-control wpcf7-text\" aria-invalid=\"false\" value=\"\" type=\"text\" name=\"your-subject\" \/><\/span>\n<\/p>\n<p>Votre message\n<\/p>\n<p><span class=\"wpcf7-form-control-wrap\" data-name=\"your-message\"><textarea cols=\"40\" rows=\"10\" maxlength=\"2000\" class=\"wpcf7-form-control wpcf7-textarea\" aria-invalid=\"false\" name=\"your-message\"><\/textarea><\/span>\n<\/p>\n<p><input class=\"wpcf7-form-control wpcf7-submit has-spinner\" type=\"submit\" value=\"Envoyer\" \/>\n<\/p><p style=\"display: none !important;\" class=\"akismet-fields-container\" data-prefix=\"_wpcf7_ak_\"><label>&#916;<textarea name=\"_wpcf7_ak_hp_textarea\" cols=\"45\" rows=\"8\" maxlength=\"100\"><\/textarea><\/label><input type=\"hidden\" id=\"ak_js_1\" name=\"_wpcf7_ak_js\" value=\"54\"\/><script type=\"text\/javascript\">\n\/* <![CDATA[ *\/\ndocument.getElementById( \"ak_js_1\" ).setAttribute( \"value\", ( new Date() ).getTime() );\n\/* ]]> *\/\n<\/script>\n<\/p><div class=\"wpcf7-response-output\" aria-hidden=\"true\"><\/div>\n<\/form>\n<\/div>\n\n<\/div>\n<\/div>\n\n\n\n<p><a href=\"https:\/\/www.instagram.com\/papierplie\/\">Instagram<\/a><br><a href=\"https:\/\/www.facebook.com\/papierplie\/?ref=bookmarks\">Facebook<\/a><br><a href=\"https:\/\/vimeo.com\/user54609075\">Vimeo<\/a><br><\/p>\n\n\n\n<p><\/p>\n\n\n\n<p><br><\/p>\n\n\n\n<p><\/p>\n\n\n\n<p><\/p>\n","protected":false},"excerpt":{"rendered":"<p>Qui suis-je ? Je m&#8217;appelle Pierre Thibault, je suis designer papier.Apr\u00e8s avoir \u00e9t\u00e9 dipl\u00f4m\u00e9 avec les f\u00e9licitations du jury de la formation Graphisme Publicitaire &amp; Packaging de l&#8217;\u00e9cole Pivaut, je me suis concentr\u00e9 sur le travail du papier car je ressentais le besoin de re-mat\u00e9rialiser la cr\u00e9ation graphique. Je consid\u00e8re le num\u00e9rique comme un outil <\/p>\n","protected":false},"author":1,"featured_media":0,"parent":0,"menu_order":0,"comment_status":"closed","ping_status":"closed","template":"","meta":{"jetpack_post_was_ever_published":false,"footnotes":""},"class_list":["post-788","page","type-page","status-publish","hentry"],"yoast_head":"<!-- This site is optimized with the Yoast SEO plugin v27.5 - https:\/\/yoast.com\/product\/yoast-seo-wordpress\/ -->\n<title>A propos I designer papier Nantes<\/title>\n<meta name=\"description\" content=\"Bas\u00e9 \u00e0 Nantes, au sein du collectif San\u00a7h\u00e9rif, je travaille aussi bien aupr\u00e8s de PME que d&#039;agences de communication. Cofondateur du Selsius, motion-design.\" \/>\n<meta name=\"robots\" content=\"index, follow, max-snippet:-1, max-image-preview:large, max-video-preview:-1\" \/>\n<link rel=\"canonical\" href=\"https:\/\/papierplie.fr\/?page_id=788\" \/>\n<meta property=\"og:locale\" content=\"fr_FR\" \/>\n<meta property=\"og:type\" content=\"article\" \/>\n<meta property=\"og:title\" content=\"A propos I designer papier Nantes\" \/>\n<meta property=\"og:description\" content=\"Bas\u00e9 \u00e0 Nantes, au sein du collectif San\u00a7h\u00e9rif, je travaille aussi bien aupr\u00e8s de PME que d&#039;agences de communication. Cofondateur du Selsius, motion-design.\" \/>\n<meta property=\"og:url\" content=\"https:\/\/papierplie.fr\/?page_id=788\" \/>\n<meta property=\"og:site_name\" content=\"Design Papier Nantes\" \/>\n<meta property=\"article:publisher\" content=\"https:\/\/www.facebook.com\/papierplie\/?fref=ts\" \/>\n<meta property=\"article:modified_time\" content=\"2023-09-19T15:53:22+00:00\" \/>\n<meta property=\"og:image\" content=\"https:\/\/papierplie.fr\/wp-content\/uploads\/2017\/07\/14222284_10210624724153694_2848729285756435674_n.jpg\" \/>\n<meta name=\"twitter:card\" content=\"summary_large_image\" \/>\n<meta name=\"twitter:label1\" content=\"Dur\u00e9e de lecture estim\u00e9e\" \/>\n\t<meta name=\"twitter:data1\" content=\"2 minutes\" \/>\n<script type=\"application\/ld+json\" class=\"yoast-schema-graph\">{\"@context\":\"https:\\\/\\\/schema.org\",\"@graph\":[{\"@type\":\"WebPage\",\"@id\":\"https:\\\/\\\/papierplie.fr\\\/?page_id=788\",\"url\":\"https:\\\/\\\/papierplie.fr\\\/?page_id=788\",\"name\":\"A propos I designer papier Nantes\",\"isPartOf\":{\"@id\":\"https:\\\/\\\/papierplie.fr\\\/#website\"},\"primaryImageOfPage\":{\"@id\":\"https:\\\/\\\/papierplie.fr\\\/?page_id=788#primaryimage\"},\"image\":{\"@id\":\"https:\\\/\\\/papierplie.fr\\\/?page_id=788#primaryimage\"},\"thumbnailUrl\":\"https:\\\/\\\/papierplie.fr\\\/wp-content\\\/uploads\\\/2017\\\/07\\\/14222284_10210624724153694_2848729285756435674_n.jpg\",\"datePublished\":\"2017-07-24T10:23:56+00:00\",\"dateModified\":\"2023-09-19T15:53:22+00:00\",\"description\":\"Bas\u00e9 \u00e0 Nantes, au sein du collectif San\u00a7h\u00e9rif, je travaille aussi bien aupr\u00e8s de PME que d'agences de communication. Cofondateur du Selsius, motion-design.\",\"breadcrumb\":{\"@id\":\"https:\\\/\\\/papierplie.fr\\\/?page_id=788#breadcrumb\"},\"inLanguage\":\"fr-FR\",\"potentialAction\":[{\"@type\":\"ReadAction\",\"target\":[\"https:\\\/\\\/papierplie.fr\\\/?page_id=788\"]}]},{\"@type\":\"ImageObject\",\"inLanguage\":\"fr-FR\",\"@id\":\"https:\\\/\\\/papierplie.fr\\\/?page_id=788#primaryimage\",\"url\":\"https:\\\/\\\/papierplie.fr\\\/wp-content\\\/uploads\\\/2017\\\/07\\\/14222284_10210624724153694_2848729285756435674_n.jpg\",\"contentUrl\":\"https:\\\/\\\/papierplie.fr\\\/wp-content\\\/uploads\\\/2017\\\/07\\\/14222284_10210624724153694_2848729285756435674_n.jpg\",\"width\":683,\"height\":683},{\"@type\":\"BreadcrumbList\",\"@id\":\"https:\\\/\\\/papierplie.fr\\\/?page_id=788#breadcrumb\",\"itemListElement\":[{\"@type\":\"ListItem\",\"position\":1,\"name\":\"Accueil\",\"item\":\"https:\\\/\\\/papierplie.fr\\\/\"},{\"@type\":\"ListItem\",\"position\":2,\"name\":\"\u00c0 propos\"}]},{\"@type\":\"WebSite\",\"@id\":\"https:\\\/\\\/papierplie.fr\\\/#website\",\"url\":\"https:\\\/\\\/papierplie.fr\\\/\",\"name\":\"Design Papier Nantes\",\"description\":\"Designer papier Nantais\",\"publisher\":{\"@id\":\"https:\\\/\\\/papierplie.fr\\\/#organization\"},\"potentialAction\":[{\"@type\":\"SearchAction\",\"target\":{\"@type\":\"EntryPoint\",\"urlTemplate\":\"https:\\\/\\\/papierplie.fr\\\/?s={search_term_string}\"},\"query-input\":{\"@type\":\"PropertyValueSpecification\",\"valueRequired\":true,\"valueName\":\"search_term_string\"}}],\"inLanguage\":\"fr-FR\"},{\"@type\":\"Organization\",\"@id\":\"https:\\\/\\\/papierplie.fr\\\/#organization\",\"name\":\"Papier Pli\u00e9\",\"url\":\"https:\\\/\\\/papierplie.fr\\\/\",\"logo\":{\"@type\":\"ImageObject\",\"inLanguage\":\"fr-FR\",\"@id\":\"https:\\\/\\\/papierplie.fr\\\/#\\\/schema\\\/logo\\\/image\\\/\",\"url\":\"https:\\\/\\\/papierplie.fr\\\/wp-content\\\/uploads\\\/2016\\\/04\\\/pp-logo-150px-grey.png\",\"contentUrl\":\"https:\\\/\\\/papierplie.fr\\\/wp-content\\\/uploads\\\/2016\\\/04\\\/pp-logo-150px-grey.png\",\"width\":150,\"height\":150,\"caption\":\"Papier Pli\u00e9\"},\"image\":{\"@id\":\"https:\\\/\\\/papierplie.fr\\\/#\\\/schema\\\/logo\\\/image\\\/\"},\"sameAs\":[\"https:\\\/\\\/www.facebook.com\\\/papierplie\\\/?fref=ts\",\"https:\\\/\\\/www.instagram.com\\\/pat_prod\\\/\",\"https:\\\/\\\/www.linkedin.com\\\/in\\\/pierre-alain-thibault-18944089?trk=hp-identity-name\",\"https:\\\/\\\/www.youtube.com\\\/channel\\\/UCF4slURwe9TQb51VjdlHT3g\"]}]}<\/script>\n<!-- \/ Yoast SEO plugin. -->","yoast_head_json":{"title":"A propos I designer papier Nantes","description":"Bas\u00e9 \u00e0 Nantes, au sein du collectif San\u00a7h\u00e9rif, je travaille aussi bien aupr\u00e8s de PME que d'agences de communication. Cofondateur du Selsius, motion-design.","robots":{"index":"index","follow":"follow","max-snippet":"max-snippet:-1","max-image-preview":"max-image-preview:large","max-video-preview":"max-video-preview:-1"},"canonical":"https:\/\/papierplie.fr\/?page_id=788","og_locale":"fr_FR","og_type":"article","og_title":"A propos I designer papier Nantes","og_description":"Bas\u00e9 \u00e0 Nantes, au sein du collectif San\u00a7h\u00e9rif, je travaille aussi bien aupr\u00e8s de PME que d'agences de communication. Cofondateur du Selsius, motion-design.","og_url":"https:\/\/papierplie.fr\/?page_id=788","og_site_name":"Design Papier Nantes","article_publisher":"https:\/\/www.facebook.com\/papierplie\/?fref=ts","article_modified_time":"2023-09-19T15:53:22+00:00","og_image":[{"url":"https:\/\/papierplie.fr\/wp-content\/uploads\/2017\/07\/14222284_10210624724153694_2848729285756435674_n.jpg","type":"","width":"","height":""}],"twitter_card":"summary_large_image","twitter_misc":{"Dur\u00e9e de lecture estim\u00e9e":"2 minutes"},"schema":{"@context":"https:\/\/schema.org","@graph":[{"@type":"WebPage","@id":"https:\/\/papierplie.fr\/?page_id=788","url":"https:\/\/papierplie.fr\/?page_id=788","name":"A propos I designer papier Nantes","isPartOf":{"@id":"https:\/\/papierplie.fr\/#website"},"primaryImageOfPage":{"@id":"https:\/\/papierplie.fr\/?page_id=788#primaryimage"},"image":{"@id":"https:\/\/papierplie.fr\/?page_id=788#primaryimage"},"thumbnailUrl":"https:\/\/papierplie.fr\/wp-content\/uploads\/2017\/07\/14222284_10210624724153694_2848729285756435674_n.jpg","datePublished":"2017-07-24T10:23:56+00:00","dateModified":"2023-09-19T15:53:22+00:00","description":"Bas\u00e9 \u00e0 Nantes, au sein du collectif San\u00a7h\u00e9rif, je travaille aussi bien aupr\u00e8s de PME que d'agences de communication. Cofondateur du Selsius, motion-design.","breadcrumb":{"@id":"https:\/\/papierplie.fr\/?page_id=788#breadcrumb"},"inLanguage":"fr-FR","potentialAction":[{"@type":"ReadAction","target":["https:\/\/papierplie.fr\/?page_id=788"]}]},{"@type":"ImageObject","inLanguage":"fr-FR","@id":"https:\/\/papierplie.fr\/?page_id=788#primaryimage","url":"https:\/\/papierplie.fr\/wp-content\/uploads\/2017\/07\/14222284_10210624724153694_2848729285756435674_n.jpg","contentUrl":"https:\/\/papierplie.fr\/wp-content\/uploads\/2017\/07\/14222284_10210624724153694_2848729285756435674_n.jpg","width":683,"height":683},{"@type":"BreadcrumbList","@id":"https:\/\/papierplie.fr\/?page_id=788#breadcrumb","itemListElement":[{"@type":"ListItem","position":1,"name":"Accueil","item":"https:\/\/papierplie.fr\/"},{"@type":"ListItem","position":2,"name":"\u00c0 propos"}]},{"@type":"WebSite","@id":"https:\/\/papierplie.fr\/#website","url":"https:\/\/papierplie.fr\/","name":"Design Papier Nantes","description":"Designer papier Nantais","publisher":{"@id":"https:\/\/papierplie.fr\/#organization"},"potentialAction":[{"@type":"SearchAction","target":{"@type":"EntryPoint","urlTemplate":"https:\/\/papierplie.fr\/?s={search_term_string}"},"query-input":{"@type":"PropertyValueSpecification","valueRequired":true,"valueName":"search_term_string"}}],"inLanguage":"fr-FR"},{"@type":"Organization","@id":"https:\/\/papierplie.fr\/#organization","name":"Papier Pli\u00e9","url":"https:\/\/papierplie.fr\/","logo":{"@type":"ImageObject","inLanguage":"fr-FR","@id":"https:\/\/papierplie.fr\/#\/schema\/logo\/image\/","url":"https:\/\/papierplie.fr\/wp-content\/uploads\/2016\/04\/pp-logo-150px-grey.png","contentUrl":"https:\/\/papierplie.fr\/wp-content\/uploads\/2016\/04\/pp-logo-150px-grey.png","width":150,"height":150,"caption":"Papier Pli\u00e9"},"image":{"@id":"https:\/\/papierplie.fr\/#\/schema\/logo\/image\/"},"sameAs":["https:\/\/www.facebook.com\/papierplie\/?fref=ts","https:\/\/www.instagram.com\/pat_prod\/","https:\/\/www.linkedin.com\/in\/pierre-alain-thibault-18944089?trk=hp-identity-name","https:\/\/www.youtube.com\/channel\/UCF4slURwe9TQb51VjdlHT3g"]}]}},"jetpack_sharing_enabled":true,"jetpack_shortlink":"https:\/\/wp.me\/PaDMBq-cI","_links":{"self":[{"href":"https:\/\/papierplie.fr\/index.php?rest_route=\/wp\/v2\/pages\/788","targetHints":{"allow":["GET"]}}],"collection":[{"href":"https:\/\/papierplie.fr\/index.php?rest_route=\/wp\/v2\/pages"}],"about":[{"href":"https:\/\/papierplie.fr\/index.php?rest_route=\/wp\/v2\/types\/page"}],"author":[{"embeddable":true,"href":"https:\/\/papierplie.fr\/index.php?rest_route=\/wp\/v2\/users\/1"}],"replies":[{"embeddable":true,"href":"https:\/\/papierplie.fr\/index.php?rest_route=%2Fwp%2Fv2%2Fcomments&post=788"}],"version-history":[{"count":27,"href":"https:\/\/papierplie.fr\/index.php?rest_route=\/wp\/v2\/pages\/788\/revisions"}],"predecessor-version":[{"id":12302,"href":"https:\/\/papierplie.fr\/index.php?rest_route=\/wp\/v2\/pages\/788\/revisions\/12302"}],"wp:attachment":[{"href":"https:\/\/papierplie.fr\/index.php?rest_route=%2Fwp%2Fv2%2Fmedia&parent=788"}],"curies":[{"name":"wp","href":"https:\/\/api.w.org\/{rel}","templated":true}]}}